{"id":1134,"date":"2023-07-04T14:20:29","date_gmt":"2023-07-04T12:20:29","guid":{"rendered":"https:\/\/hotel-moulin-des-templiers.com\/contact-location\/"},"modified":"2023-12-18T15:37:25","modified_gmt":"2023-12-18T14:37:25","slug":"contact-location","status":"publish","type":"page","link":"https:\/\/hotel-moulin-des-templiers.com\/en\/contact-location\/","title":{"rendered":"Contact &amp; Location"},"content":{"rendered":"<div class=\"wpb-content-wrapper\"><p>[vc_row full_width=&#8221;stretch_row_content&#8221; css=&#8221;.vc_custom_1627481226197{padding-right: 15px !important;padding-left: 15px !important;}&#8221;][vc_column width=&#8221;1\/4&#8243;][\/vc_column][vc_column width=&#8221;1\/2&#8243;]<div class=\"ult-spacer spacer-69e596a4560e5\" data-id=\"69e596a4560e5\" data-height=\"100\" data-height-mobile=\"50\" data-height-tab=\"\" data-height-tab-portrait=\"\" data-height-mobile-landscape=\"\" style=\"clear:both;display:block;\"><\/div>[vc_custom_heading text=&#8221;Contact&#8221; font_container=&#8221;tag:h3|text_align:center&#8221; use_theme_fonts=&#8221;yes&#8221;]<div class=\"ult-spacer spacer-69e596a45610e\" data-id=\"69e596a45610e\" data-height=\"20\" data-height-mobile=\"10\" data-height-tab=\"\" data-height-tab-portrait=\"\" data-height-mobile-landscape=\"\" style=\"clear:both;display:block;\"><\/div>[vc_column_text]<\/p>\n<p style=\"text-align: center;\">10 route du Cousin<br \/>\n89 200 Pontaubert<\/p>\n<p style=\"text-align: center;\">Tel. +33 3 86 34 10 80<br \/>\ncontact@hotel-moulin-des-templiers.com<\/p>\n<p>[\/vc_column_text]<div class=\"ult-spacer spacer-69e596a456124\" data-id=\"69e596a456124\" data-height=\"20\" data-height-mobile=\"10\" data-height-tab=\"\" data-height-tab-portrait=\"\" data-height-mobile-landscape=\"\" style=\"clear:both;display:block;\"><\/div>[vc_column_text]<\/p>\n<p style=\"text-align: center;\">Getting here by train<br \/>\nBy TER: Avallon station at 3 km<br \/>\nBy TGV: Montbard station at 50 km<\/p>\n<p>[\/vc_column_text]<div class=\"ult-spacer spacer-69e596a456135\" data-id=\"69e596a456135\" data-height=\"100\" data-height-mobile=\"50\" data-height-tab=\"\" data-height-tab-portrait=\"\" data-height-mobile-landscape=\"\" style=\"clear:both;display:block;\"><\/div>[\/vc_column][vc_column width=&#8221;1\/4&#8243;][\/vc_column][\/vc_row][vc_row type=&#8221;vc_default&#8221; full_width=&#8221;stretch_row_content_no_spaces&#8221;][vc_column css=&#8221;.vc_custom_1627559679722{padding-top: 0px !important;}&#8221;]<div class=\"sbvcgmap-map-wrapper\" style=\"width:100%;height:400px\"><div class=\"sbvcgmap-map\" zoom=\"7\" maptype=\"ROADMAP\" panoramatogglebutton=\"no\" pancontrol=\"no\" pancontrol_position=\"TOP_LEFT\" zoomcontrol=\"no\" zoomcontrol_position=\"TOP_LEFT\" zoomcontrolstyle=\"SMALL\" maptypecontrol=\"no\" maptypecontrol_position=\"TOP_RIGHT\" streetviewcontrol=\"no\" streetviewcontrol_position=\"TOP_LEFT\" overviewmapcontrol=\"yes\" overviewmapcontrolvisible=\"no\" maptypecontrolstyle=\"DROPDOWN_MENU\" mapstyle=\"style-32\" weather=\"no\" traffic=\"no\" transit=\"no\" bicycle=\"no\" panoramio=\"no\" draggable=\"yes\" scrollwheel=\"no\" cplatitude=\"47.488809521986\" cplongitude=\"3.8678664827368\" scalecontrol=\"yes\" searchtype=\"disabled\" searchradius=\"500\" searchiconanimation=\"NONE\" searchdirectiontext=\"\" reloadonresize=\"no\" clustering=\"no\" style=\"width:100%;height:400px\"><div class=\"sbvcgmap-marker\" data-lat=\"47.488809521986\" data-lng=\"3.8678664827368\" infowindow=\"no\" icon=\"https:\/\/hotel-moulin-des-templiers.com\/wp-content\/uploads\/2023\/10\/Pin-Moulin-des-Templiers-1.png\" animation=\"NONE\" customstyles=\"no\" ><\/div><\/div><\/div>[\/vc_column][\/vc_row]<\/p>\n<\/div>","protected":false},"excerpt":{"rendered":"<p>[vc_row full_width=&#8221;stretch_row_content&#8221; css=&#8221;.vc_custom_1627481226197{padding-right: 15px !important;padding-left: 15px !important;}&#8221;][vc_column width=&#8221;1\/4&#8243;][\/vc_column][vc_column width=&#8221;1\/2&#8243;][vc_custom_heading text=&#8221;Contact&#8221; font_container=&#8221;tag:h3|text_align:center&#8221; use_theme_fonts=&#8221;yes&#8221;][vc_column_text] 10 route du Cousin 89 200 Pontaubert Tel. +33 3 86 34 10 80 contact@hotel-moulin-des-templiers.com [\/vc_column_text][vc_column_text] Getting here by train By TER: Avallon station at 3 km By TGV: Montbard station at 50 km [\/vc_column_text][\/vc_column][vc_column width=&#8221;1\/4&#8243;][\/vc_column][\/vc_row][vc_row type=&#8221;vc_default&#8221; full_width=&#8221;stretch_row_content_no_spaces&#8221;][vc_column css=&#8221;.vc_custom_1627559679722{padding-top: 0px !important;}&#8221;][\/vc_column][\/vc_row]<\/p>\n","protected":false},"author":1,"featured_media":0,"parent":0,"menu_order":100,"comment_status":"closed","ping_status":"closed","template":"","meta":{"footnotes":""},"class_list":["post-1134","page","type-page","status-publish","hentry","description-off"],"yoast_head":"<!-- This site is optimized with the Yoast SEO plugin v27.4 - https:\/\/yoast.com\/product\/yoast-seo-wordpress\/ -->\n<title>Contact &amp; Location - Moulin des Templiers &amp; Spa - H\u00f4tel de Charme V\u00e9zelay, Morvan<\/title>\n<meta name=\"robots\" content=\"index, follow, max-snippet:-1, max-image-preview:large, max-video-preview:-1\" \/>\n<link rel=\"canonical\" href=\"https:\/\/hotel-moulin-des-templiers.com\/en\/contact-location\/\" \/>\n<meta property=\"og:locale\" content=\"en_US\" \/>\n<meta property=\"og:type\" content=\"article\" \/>\n<meta property=\"og:title\" content=\"Contact &amp; Location - Moulin des Templiers &amp; Spa - H\u00f4tel de Charme V\u00e9zelay, Morvan\" \/>\n<meta property=\"og:description\" content=\"[vc_row full_width=&#8221;stretch_row_content&#8221; css=&#8221;.vc_custom_1627481226197{padding-right: 15px !important;padding-left: 15px !important;}&#8221;][vc_column width=&#8221;1\/4&#8243;][\/vc_column][vc_column width=&#8221;1\/2&#8243;][vc_custom_heading text=&#8221;Contact&#8221; font_container=&#8221;tag:h3|text_align:center&#8221; use_theme_fonts=&#8221;yes&#8221;][vc_column_text] 10 route du Cousin 89 200 Pontaubert Tel. +33 3 86 34 10 80 contact@hotel-moulin-des-templiers.com [\/vc_column_text][vc_column_text] Getting here by train By TER: Avallon station at 3 km By TGV: Montbard station at 50 km [\/vc_column_text][\/vc_column][vc_column width=&#8221;1\/4&#8243;][\/vc_column][\/vc_row][vc_row type=&#8221;vc_default&#8221; full_width=&#8221;stretch_row_content_no_spaces&#8221;][vc_column css=&#8221;.vc_custom_1627559679722{padding-top: 0px !important;}&#8221;][\/vc_column][\/vc_row]\" \/>\n<meta property=\"og:url\" content=\"https:\/\/hotel-moulin-des-templiers.com\/en\/contact-location\/\" \/>\n<meta property=\"og:site_name\" content=\"Moulin des Templiers &amp; Spa - H\u00f4tel de Charme V\u00e9zelay, Morvan\" \/>\n<meta property=\"article:publisher\" content=\"https:\/\/www.facebook.com\/hotelmoulindestempliers\" \/>\n<meta property=\"article:modified_time\" content=\"2023-12-18T14:37:25+00:00\" \/>\n<meta name=\"twitter:card\" content=\"summary_large_image\" \/>\n<meta name=\"twitter:label1\" content=\"Est. reading time\" \/>\n\t<meta name=\"twitter:data1\" content=\"1 minute\" \/>\n<script type=\"application\/ld+json\" class=\"yoast-schema-graph\">{\"@context\":\"https:\\\/\\\/schema.org\",\"@graph\":[{\"@type\":\"WebPage\",\"@id\":\"https:\\\/\\\/hotel-moulin-des-templiers.com\\\/en\\\/contact-location\\\/\",\"url\":\"https:\\\/\\\/hotel-moulin-des-templiers.com\\\/en\\\/contact-location\\\/\",\"name\":\"Contact &amp; Location - Moulin des Templiers &amp; Spa - H\u00f4tel de Charme V\u00e9zelay, Morvan\",\"isPartOf\":{\"@id\":\"https:\\\/\\\/hotel-moulin-des-templiers.com\\\/en\\\/#website\"},\"datePublished\":\"2023-07-04T12:20:29+00:00\",\"dateModified\":\"2023-12-18T14:37:25+00:00\",\"breadcrumb\":{\"@id\":\"https:\\\/\\\/hotel-moulin-des-templiers.com\\\/en\\\/contact-location\\\/#breadcrumb\"},\"inLanguage\":\"en-US\",\"potentialAction\":[{\"@type\":\"ReadAction\",\"target\":[\"https:\\\/\\\/hotel-moulin-des-templiers.com\\\/en\\\/contact-location\\\/\"]}]},{\"@type\":\"BreadcrumbList\",\"@id\":\"https:\\\/\\\/hotel-moulin-des-templiers.com\\\/en\\\/contact-location\\\/#breadcrumb\",\"itemListElement\":[{\"@type\":\"ListItem\",\"position\":1,\"name\":\"Accueil\",\"item\":\"https:\\\/\\\/hotel-moulin-des-templiers.com\\\/en\\\/\"},{\"@type\":\"ListItem\",\"position\":2,\"name\":\"Contact &amp; Location\"}]},{\"@type\":\"WebSite\",\"@id\":\"https:\\\/\\\/hotel-moulin-des-templiers.com\\\/en\\\/#website\",\"url\":\"https:\\\/\\\/hotel-moulin-des-templiers.com\\\/en\\\/\",\"name\":\"H\u00f4tel Moulin des Templiers & Spa - H\u00f4tel de Charme V\u00e9zelay, Morvan\",\"description\":\"Un site d\u00e9velopp\u00e9 par PMT Hotels\",\"publisher\":{\"@id\":\"https:\\\/\\\/hotel-moulin-des-templiers.com\\\/en\\\/#organization\"},\"potentialAction\":[{\"@type\":\"SearchAction\",\"target\":{\"@type\":\"EntryPoint\",\"urlTemplate\":\"https:\\\/\\\/hotel-moulin-des-templiers.com\\\/en\\\/?s={search_term_string}\"},\"query-input\":{\"@type\":\"PropertyValueSpecification\",\"valueRequired\":true,\"valueName\":\"search_term_string\"}}],\"inLanguage\":\"en-US\"},{\"@type\":\"Organization\",\"@id\":\"https:\\\/\\\/hotel-moulin-des-templiers.com\\\/en\\\/#organization\",\"name\":\"H\u00f4tel Moulin des Templiers & Spa\",\"url\":\"https:\\\/\\\/hotel-moulin-des-templiers.com\\\/en\\\/\",\"logo\":{\"@type\":\"ImageObject\",\"inLanguage\":\"en-US\",\"@id\":\"https:\\\/\\\/hotel-moulin-des-templiers.com\\\/en\\\/#\\\/schema\\\/logo\\\/image\\\/\",\"url\":\"https:\\\/\\\/pmt-hotels.fr\\\/moulin-templiers\\\/wp-content\\\/uploads\\\/2023\\\/09\\\/Logo-Moulin-de-Templiers-600.png\",\"contentUrl\":\"https:\\\/\\\/pmt-hotels.fr\\\/moulin-templiers\\\/wp-content\\\/uploads\\\/2023\\\/09\\\/Logo-Moulin-de-Templiers-600.png\",\"width\":600,\"height\":331,\"caption\":\"H\u00f4tel Moulin des Templiers & Spa\"},\"image\":{\"@id\":\"https:\\\/\\\/hotel-moulin-des-templiers.com\\\/en\\\/#\\\/schema\\\/logo\\\/image\\\/\"},\"sameAs\":[\"https:\\\/\\\/www.facebook.com\\\/hotelmoulindestempliers\",\"https:\\\/\\\/www.instagram.com\\\/moulindestempliers\\\/\"]}]}<\/script>\n<!-- \/ Yoast SEO plugin. -->","yoast_head_json":{"title":"Contact &amp; Location - Moulin des Templiers &amp; Spa - H\u00f4tel de Charme V\u00e9zelay, Morvan","robots":{"index":"index","follow":"follow","max-snippet":"max-snippet:-1","max-image-preview":"max-image-preview:large","max-video-preview":"max-video-preview:-1"},"canonical":"https:\/\/hotel-moulin-des-templiers.com\/en\/contact-location\/","og_locale":"en_US","og_type":"article","og_title":"Contact &amp; Location - Moulin des Templiers &amp; Spa - H\u00f4tel de Charme V\u00e9zelay, Morvan","og_description":"[vc_row full_width=&#8221;stretch_row_content&#8221; css=&#8221;.vc_custom_1627481226197{padding-right: 15px !important;padding-left: 15px !important;}&#8221;][vc_column width=&#8221;1\/4&#8243;][\/vc_column][vc_column width=&#8221;1\/2&#8243;][vc_custom_heading text=&#8221;Contact&#8221; font_container=&#8221;tag:h3|text_align:center&#8221; use_theme_fonts=&#8221;yes&#8221;][vc_column_text] 10 route du Cousin 89 200 Pontaubert Tel. +33 3 86 34 10 80 contact@hotel-moulin-des-templiers.com [\/vc_column_text][vc_column_text] Getting here by train By TER: Avallon station at 3 km By TGV: Montbard station at 50 km [\/vc_column_text][\/vc_column][vc_column width=&#8221;1\/4&#8243;][\/vc_column][\/vc_row][vc_row type=&#8221;vc_default&#8221; full_width=&#8221;stretch_row_content_no_spaces&#8221;][vc_column css=&#8221;.vc_custom_1627559679722{padding-top: 0px !important;}&#8221;][\/vc_column][\/vc_row]","og_url":"https:\/\/hotel-moulin-des-templiers.com\/en\/contact-location\/","og_site_name":"Moulin des Templiers &amp; Spa - H\u00f4tel de Charme V\u00e9zelay, Morvan","article_publisher":"https:\/\/www.facebook.com\/hotelmoulindestempliers","article_modified_time":"2023-12-18T14:37:25+00:00","twitter_card":"summary_large_image","twitter_misc":{"Est. reading time":"1 minute"},"schema":{"@context":"https:\/\/schema.org","@graph":[{"@type":"WebPage","@id":"https:\/\/hotel-moulin-des-templiers.com\/en\/contact-location\/","url":"https:\/\/hotel-moulin-des-templiers.com\/en\/contact-location\/","name":"Contact &amp; Location - Moulin des Templiers &amp; Spa - H\u00f4tel de Charme V\u00e9zelay, Morvan","isPartOf":{"@id":"https:\/\/hotel-moulin-des-templiers.com\/en\/#website"},"datePublished":"2023-07-04T12:20:29+00:00","dateModified":"2023-12-18T14:37:25+00:00","breadcrumb":{"@id":"https:\/\/hotel-moulin-des-templiers.com\/en\/contact-location\/#breadcrumb"},"inLanguage":"en-US","potentialAction":[{"@type":"ReadAction","target":["https:\/\/hotel-moulin-des-templiers.com\/en\/contact-location\/"]}]},{"@type":"BreadcrumbList","@id":"https:\/\/hotel-moulin-des-templiers.com\/en\/contact-location\/#breadcrumb","itemListElement":[{"@type":"ListItem","position":1,"name":"Accueil","item":"https:\/\/hotel-moulin-des-templiers.com\/en\/"},{"@type":"ListItem","position":2,"name":"Contact &amp; Location"}]},{"@type":"WebSite","@id":"https:\/\/hotel-moulin-des-templiers.com\/en\/#website","url":"https:\/\/hotel-moulin-des-templiers.com\/en\/","name":"H\u00f4tel Moulin des Templiers & Spa - H\u00f4tel de Charme V\u00e9zelay, Morvan","description":"Un site d\u00e9velopp\u00e9 par PMT Hotels","publisher":{"@id":"https:\/\/hotel-moulin-des-templiers.com\/en\/#organization"},"potentialAction":[{"@type":"SearchAction","target":{"@type":"EntryPoint","urlTemplate":"https:\/\/hotel-moulin-des-templiers.com\/en\/?s={search_term_string}"},"query-input":{"@type":"PropertyValueSpecification","valueRequired":true,"valueName":"search_term_string"}}],"inLanguage":"en-US"},{"@type":"Organization","@id":"https:\/\/hotel-moulin-des-templiers.com\/en\/#organization","name":"H\u00f4tel Moulin des Templiers & Spa","url":"https:\/\/hotel-moulin-des-templiers.com\/en\/","logo":{"@type":"ImageObject","inLanguage":"en-US","@id":"https:\/\/hotel-moulin-des-templiers.com\/en\/#\/schema\/logo\/image\/","url":"https:\/\/pmt-hotels.fr\/moulin-templiers\/wp-content\/uploads\/2023\/09\/Logo-Moulin-de-Templiers-600.png","contentUrl":"https:\/\/pmt-hotels.fr\/moulin-templiers\/wp-content\/uploads\/2023\/09\/Logo-Moulin-de-Templiers-600.png","width":600,"height":331,"caption":"H\u00f4tel Moulin des Templiers & Spa"},"image":{"@id":"https:\/\/hotel-moulin-des-templiers.com\/en\/#\/schema\/logo\/image\/"},"sameAs":["https:\/\/www.facebook.com\/hotelmoulindestempliers","https:\/\/www.instagram.com\/moulindestempliers\/"]}]}},"_links":{"self":[{"href":"https:\/\/hotel-moulin-des-templiers.com\/en\/wp-json\/wp\/v2\/pages\/1134","targetHints":{"allow":["GET"]}}],"collection":[{"href":"https:\/\/hotel-moulin-des-templiers.com\/en\/wp-json\/wp\/v2\/pages"}],"about":[{"href":"https:\/\/hotel-moulin-des-templiers.com\/en\/wp-json\/wp\/v2\/types\/page"}],"author":[{"embeddable":true,"href":"https:\/\/hotel-moulin-des-templiers.com\/en\/wp-json\/wp\/v2\/users\/1"}],"replies":[{"embeddable":true,"href":"https:\/\/hotel-moulin-des-templiers.com\/en\/wp-json\/wp\/v2\/comments?post=1134"}],"version-history":[{"count":1,"href":"https:\/\/hotel-moulin-des-templiers.com\/en\/wp-json\/wp\/v2\/pages\/1134\/revisions"}],"predecessor-version":[{"id":1135,"href":"https:\/\/hotel-moulin-des-templiers.com\/en\/wp-json\/wp\/v2\/pages\/1134\/revisions\/1135"}],"wp:attachment":[{"href":"https:\/\/hotel-moulin-des-templiers.com\/en\/wp-json\/wp\/v2\/media?parent=1134"}],"curies":[{"name":"wp","href":"https:\/\/api.w.org\/{rel}","templated":true}]}}